{"id":28805,"date":"2020-02-11T21:53:10","date_gmt":"2020-02-11T20:53:10","guid":{"rendered":"https:\/\/www.monartagency.com\/?page_id=28805"},"modified":"2022-05-07T16:47:54","modified_gmt":"2022-05-07T15:47:54","slug":"comment-travaillons-nous","status":"publish","type":"page","link":"https:\/\/www.monartagency.com\/fr\/comment-travaillons-nous\/","title":{"rendered":"\u00a0Comment travaillons-nous ?"},"content":{"rendered":"<p>[et_pb_section fb_built=\u00a0\u00bb1&Prime; fullwidth=\u00a0\u00bbon\u00a0\u00bb _builder_version=\u00a0\u00bb4.16&Prime; global_colors_info=\u00a0\u00bb{}\u00a0\u00bb][et_pb_fullwidth_header title=\u00a0\u00bbLaissez-nous \u00e9tablir une analyse de votre projet pour trouver des opportunit\u00e9s et des solutions afin d&rsquo;\u00e9largir votre audience\u00a0\u00bb _builder_version=\u00a0\u00bb4.16&Prime; title_text_color=\u00a0\u00bb#000000&Prime; title_font_size=\u00a0\u00bb80px\u00a0\u00bb content_text_color=\u00a0\u00bb#000000&Prime; background_color=\u00a0\u00bb#ffffff\u00a0\u00bb custom_padding=\u00a0\u00bb252px||49px|||\u00a0\u00bb title_font_size_tablet=\u00a0\u00bb60px\u00a0\u00bb title_font_size_phone=\u00a0\u00bb50px\u00a0\u00bb title_font_size_last_edited=\u00a0\u00bbon|tablet\u00a0\u00bb global_colors_info=\u00a0\u00bb{}\u00a0\u00bb]<\/p>\n<p>&nbsp;<\/p>\n<p>&nbsp;<\/p>\n<p><span style=\"font-size: large;\">Des m\u00e9thodes s\u00fbres qui ont fait leurs preuves pour d&rsquo;autres artistes et professionnels comme vous. Ces m\u00e9thodes nous aident \u00e0 faire le tour de votre projet, et \u00e0 trouver les indicateurs qui nous permettront de commencer \u00e0 travailler dessus. Ainsi, non seulement nous saurons quoi \u00e9laborer mais pourquoi nous l&rsquo;\u00e9laborons.<\/span><\/p>\n<p>&nbsp;<\/p>\n<p>[\/et_pb_fullwidth_header][\/et_pb_section][et_pb_section fb_built=\u00a0\u00bb1&Prime; _builder_version=\u00a0\u00bb4.16&Prime; custom_padding=\u00a0\u00bb0px|||||\u00a0\u00bb global_colors_info=\u00a0\u00bb{}\u00a0\u00bb][et_pb_row _builder_version=\u00a0\u00bb4.16&Prime; custom_padding=\u00a0\u00bb0px|||||\u00a0\u00bb global_colors_info=\u00a0\u00bb{}\u00a0\u00bb][et_pb_column type=\u00a0\u00bb4_4&Prime; _builder_version=\u00a0\u00bb4.16&Prime; global_colors_info=\u00a0\u00bb{}\u00a0\u00bb][et_pb_image src=\u00a0\u00bbhttps:\/\/www.monartagency.com\/wp-content\/uploads\/2020\/02\/mock-up-website.jpg\u00a0\u00bb _builder_version=\u00a0\u00bb4.16&Prime; global_colors_info=\u00a0\u00bb{}\u00a0\u00bb][\/et_pb_image][\/et_pb_column][\/et_pb_row][\/et_pb_section][et_pb_section fb_built=\u00a0\u00bb1&Prime; _builder_version=\u00a0\u00bb4.16&Prime; custom_padding=\u00a0\u00bb0px|||||\u00a0\u00bb global_colors_info=\u00a0\u00bb{}\u00a0\u00bb][et_pb_row _builder_version=\u00a0\u00bb4.16&Prime; global_colors_info=\u00a0\u00bb{}\u00a0\u00bb][et_pb_column type=\u00a0\u00bb4_4&Prime; _builder_version=\u00a0\u00bb4.16&Prime; global_colors_info=\u00a0\u00bb{}\u00a0\u00bb][et_pb_text _builder_version=\u00a0\u00bb4.16&Prime; text_text_color=\u00a0\u00bb#000000&Prime; text_font_size=\u00a0\u00bb24px\u00a0\u00bb header_font_size=\u00a0\u00bb60px\u00a0\u00bb global_colors_info=\u00a0\u00bb{}\u00a0\u00bb]<\/p>\n<h1>\u00a0Comment travaillons-nous ?<\/h1>\n<p>&nbsp;<\/p>\n<p>Nous suivons une m\u00e9thodologie de travail \u00e9prouv\u00e9e, afin de vous garantir une pleine satisfaction. Il s\u2019agit d\u2019un travail qui se d\u00e9veloppe essentiellement en quatre \u00e9tapes :<\/p>\n<p>[\/et_pb_text][\/et_pb_column][\/et_pb_row][et_pb_row column_structure=\u00a0\u00bb1_4,1_4,1_4,1_4&Prime; use_custom_gutter=\u00a0\u00bbon\u00a0\u00bb gutter_width=\u00a0\u00bb2&Prime; make_equal=\u00a0\u00bbon\u00a0\u00bb _builder_version=\u00a0\u00bb4.16&Prime; global_colors_info=\u00a0\u00bb{}\u00a0\u00bb][et_pb_column type=\u00a0\u00bb1_4&Prime; _builder_version=\u00a0\u00bb4.16&Prime; global_colors_info=\u00a0\u00bb{}\u00a0\u00bb][et_pb_text _builder_version=\u00a0\u00bb4.16&Prime; text_text_color=\u00a0\u00bb#000000&Prime; text_font_size=\u00a0\u00bb16px\u00a0\u00bb global_colors_info=\u00a0\u00bb{}\u00a0\u00bb]<\/p>\n<h1>01 Analyse<\/h1>\n<p>&nbsp;<\/p>\n<p>Cette premi\u00e8re \u00e9tape sert \u00e0 mieux connaitre et identifier votre univers artistique, tout comme \u00e0 identifier vos objectifs, et votre public\u2026 cette \u00e9tape est importante pour faire un bilan afin de pr\u00e9parer une strat\u00e9gie ad\u00e9quate \u00e0 votre projet.<\/p>\n<p>[\/et_pb_text][\/et_pb_column][et_pb_column type=\u00a0\u00bb1_4&Prime; _builder_version=\u00a0\u00bb4.16&Prime; global_colors_info=\u00a0\u00bb{}\u00a0\u00bb][et_pb_text _builder_version=\u00a0\u00bb4.16&Prime; text_text_color=\u00a0\u00bb#000000&Prime; text_font_size=\u00a0\u00bb16px\u00a0\u00bb global_colors_info=\u00a0\u00bb{}\u00a0\u00bb]<\/p>\n<h1>02 Proposition<\/h1>\n<p>&nbsp;<\/p>\n<p>En fonction de nos constats et de vos besoins, nous vous pr\u00e9sentons une strat\u00e9gie, qui comporte un plan de mise en oeuvre, avec la description de la strat\u00e9gie de promotion, ainsi qu&rsquo;un <em>timeline <\/em>(cahier des charges)<em> des actions \u00e0 mener<\/em>.<\/p>\n<p>[\/et_pb_text][\/et_pb_column][et_pb_column type=\u00a0\u00bb1_4&Prime; _builder_version=\u00a0\u00bb4.16&Prime; global_colors_info=\u00a0\u00bb{}\u00a0\u00bb][et_pb_text _builder_version=\u00a0\u00bb4.16&Prime; text_text_color=\u00a0\u00bb#000000&Prime; text_font_size=\u00a0\u00bb16px\u00a0\u00bb global_colors_info=\u00a0\u00bb{}\u00a0\u00bb]<\/p>\n<h1>03 Action<\/h1>\n<p>&nbsp;<\/p>\n<p><em>Ready, set, go ! <\/em>Le moment pour faire d\u00e9couvrir votre projet est enfin arriv\u00e9. Nous mettons en oeuvre votre campagne de promotion sur mesure en direction du public et des professionnels.<\/p>\n<p>[\/et_pb_text][\/et_pb_column][et_pb_column type=\u00a0\u00bb1_4&Prime; _builder_version=\u00a0\u00bb4.16&Prime; global_colors_info=\u00a0\u00bb{}\u00a0\u00bb][et_pb_text _builder_version=\u00a0\u00bb4.16&Prime; text_text_color=\u00a0\u00bb#000000&Prime; text_font_size=\u00a0\u00bb16px\u00a0\u00bb global_colors_info=\u00a0\u00bb{}\u00a0\u00bb]<\/p>\n<h1>04 R\u00e9sultats<\/h1>\n<p>&nbsp;<\/p>\n<p>Nous suivons de pr\u00e8s l&rsquo;evolution de la campagne, nous analysons les statistiques et nous vous pr\u00e9sentons des rapports d\u00e9taill\u00e9s des avanc\u00e9es.<\/p>\n<p>[\/et_pb_text][\/et_pb_column][\/et_pb_row][\/et_pb_section][et_pb_section fb_built=\u00a0\u00bb1&Prime; _builder_version=\u00a0\u00bb4.16&Prime; _module_preset=\u00a0\u00bbdefault\u00a0\u00bb global_colors_info=\u00a0\u00bb{}\u00a0\u00bb][et_pb_row _builder_version=\u00a0\u00bb4.16&Prime; _module_preset=\u00a0\u00bbdefault\u00a0\u00bb global_colors_info=\u00a0\u00bb{}\u00a0\u00bb][et_pb_column type=\u00a0\u00bb4_4&Prime; _builder_version=\u00a0\u00bb4.16&Prime; _module_preset=\u00a0\u00bbdefault\u00a0\u00bb global_colors_info=\u00a0\u00bb{}\u00a0\u00bb][et_pb_text _builder_version=\u00a0\u00bb4.16&Prime; text_text_color=\u00a0\u00bb#000000&Prime; text_font_size=\u00a0\u00bb16px\u00a0\u00bb header_font_size=\u00a0\u00bb60px\u00a0\u00bb global_colors_info=\u00a0\u00bb{}\u00a0\u00bb]<\/p>\n<h1>D&rsquo;accord ! Quelle est la suite ?<\/h1>\n<p>&nbsp;<\/p>\n<h2>Premiere conversation<\/h2>\n<p><span style=\"font-weight: 400;\">Contactez-nous par t\u00e9l\u00e9phone au <strong><a href=\"tel:+33 9 81 12 91 45\">+33 9 81 12 91 45<\/a><\/strong>, par email \u00e0 <strong><span style=\"color: #ec2785;\">hello(@)monartagency.com<\/span><\/strong> ou simplement prenez rendez-vous sur l&rsquo;agenda ci-joint. Nous \u00e9changerons \u00e0 propos de votre projet et nous nous assurerons que nous sommes les sp\u00e9cialistes dont vous avez besoin. Dans un autre temps, nous discuterons plus en d\u00e9tails de vos besoins, vos objectifs et de votre budget. <\/span><\/p>\n<h2>\u00a0<\/h2>\n<h2>Proposition et plan de travail<\/h2>\n<p>Nous \u00e9tablissons un document pour fixer le cahier des charges, les objectifs, les jalons et les r\u00e9sultats escompt\u00e9s.<\/p>\n<h2>\u00a0<\/h2>\n<h2>Validation<\/h2>\n<p><span style=\"font-weight: 400;\">Vous validez la proposition et le devis, nous signons un contrat et recevons un acompte de 50%.<\/span><\/p>\n<p><span style=\"font-weight: 400;\">\u00a0 \u00a0<\/span><\/p>\n<h2>Allons-y ! Tout est pr\u00eat !<\/h2>\n<p>Tout est pr\u00eat pour commencer \u00e0 travailler ensemble. <span style=\"font-weight: 400;\">Nous mettrons en oeuvre votre plan de promotion sur mesure, nous serons \u00e0 votre \u00e9coute pour avoir un projet artistique r\u00e9ussi. <em>Nous proposons un \u00e9change r\u00e9gulier avec vous par e-mail, t\u00e9l\u00e9phone et sms\/whatsapp.<\/em><\/span><\/p>\n<p>&nbsp;<\/p>\n<p>&nbsp;<\/p>\n<p>&nbsp;<\/p>\n<p>&nbsp;<\/p>\n<p>[\/et_pb_text][\/et_pb_column][\/et_pb_row][et_pb_row _builder_version=\u00a0\u00bb4.16&Prime; _module_preset=\u00a0\u00bbdefault\u00a0\u00bb module_alignment=\u00a0\u00bbcenter\u00a0\u00bb global_colors_info=\u00a0\u00bb{}\u00a0\u00bb][et_pb_column type=\u00a0\u00bb4_4&Prime; _builder_version=\u00a0\u00bb4.16&Prime; _module_preset=\u00a0\u00bbdefault\u00a0\u00bb global_colors_info=\u00a0\u00bb{}\u00a0\u00bb][et_pb_text _builder_version=\u00a0\u00bb4.16&Prime; _module_preset=\u00a0\u00bbdefault\u00a0\u00bb header_text_align=\u00a0\u00bbleft\u00a0\u00bb global_colors_info=\u00a0\u00bb{}\u00a0\u00bb]<\/p>\n<h1 style=\"text-align: center;\"><span style=\"color: #ec2785;\"><strong>Vous souhaitez \u00e9changer \u00e0 propos de votre projet ?<\/strong><\/span><\/h1>\n<h3 style=\"text-align: center;\">Choisissez un des cr\u00e9neaux horaires, pour prendre rendez-vous.<\/h3>\n<p><!-- Start of Meetings Embed Script --><\/p>\n<div class=\"meetings-iframe-container\" data-src=\"https:\/\/app.hubspot.com\/meetings\/gus15?embed=true\">\u00a0<\/div>\n<p><script type=\"text\/javascript\" src=\"https:\/\/static.hsappstatic.net\/MeetingsEmbed\/ex\/MeetingsEmbedCode.js\"><\/script><\/p>\n<p><!-- End of Meetings Embed Script --><\/p>\n<p>[\/et_pb_text][\/et_pb_column][\/et_pb_row][\/et_pb_section][et_pb_section fb_built=\u00a0\u00bb1&Prime; fullwidth=\u00a0\u00bbon\u00a0\u00bb _builder_version=\u00a0\u00bb4.16&Prime; global_colors_info=\u00a0\u00bb{}\u00a0\u00bb][et_pb_fullwidth_header title=\u00a0\u00bbAvez-vous besoin d&rsquo;un coup pouce ? \u00a0\u00bb button_one_text=\u00a0\u00bbContactez-nous\u00a0\u00bb button_one_url=\u00a0\u00bbhttps:\/\/www.monartagency.com\/contact\u00a0\u00bb _builder_version=\u00a0\u00bb4.16&Prime; title_font_size=\u00a0\u00bb45px\u00a0\u00bb custom_button_one=\u00a0\u00bbon\u00a0\u00bb button_one_text_color=\u00a0\u00bb#ef2785&Prime; button_one_bg_color=\u00a0\u00bb#ffffff\u00a0\u00bb button_one_use_icon=\u00a0\u00bboff\u00a0\u00bb custom_button_two=\u00a0\u00bbon\u00a0\u00bb button_two_text_color=\u00a0\u00bb#ef2785&Prime; button_two_bg_color=\u00a0\u00bb#ffffff\u00a0\u00bb button_two_use_icon=\u00a0\u00bboff\u00a0\u00bb button_two_custom_margin=\u00a0\u00bb|||0px|false|false\u00a0\u00bb title_font_size_tablet=\u00a0\u00bb\u00a0\u00bb title_font_size_phone=\u00a0\u00bb35px\u00a0\u00bb title_font_size_last_edited=\u00a0\u00bbon|phone\u00a0\u00bb locked=\u00a0\u00bboff\u00a0\u00bb global_colors_info=\u00a0\u00bb{}\u00a0\u00bb][\/et_pb_fullwidth_header][\/et_pb_section][et_pb_section fb_built=\u00a0\u00bb1&Prime; _builder_version=\u00a0\u00bb4.16&Prime; background_color=\u00a0\u00bb#000000&Prime; custom_padding=\u00a0\u00bb0px|||||\u00a0\u00bb global_colors_info=\u00a0\u00bb{}\u00a0\u00bb][et_pb_row _builder_version=\u00a0\u00bb4.16&Prime; global_colors_info=\u00a0\u00bb{}\u00a0\u00bb][et_pb_column type=\u00a0\u00bb4_4&Prime; _builder_version=\u00a0\u00bb4.16&Prime; global_colors_info=\u00a0\u00bb{}\u00a0\u00bb][et_pb_text _builder_version=\u00a0\u00bb4.16&Prime; text_font_size=\u00a0\u00bb24px\u00a0\u00bb header_text_color=\u00a0\u00bb#ffffff\u00a0\u00bb header_font_size=\u00a0\u00bb60px\u00a0\u00bb global_colors_info=\u00a0\u00bb{}\u00a0\u00bb]<\/p>\n<h1>Artistes et organisations que nous avons aid\u00e9s pour leur promotion web.<\/h1>\n<p>[\/et_pb_text][\/et_pb_column][\/et_pb_row][et_pb_row column_structure=\u00a0\u00bb1_4,1_4,1_4,1_4&Prime; use_custom_gutter=\u00a0\u00bbon\u00a0\u00bb gutter_width=\u00a0\u00bb2&Prime; make_equal=\u00a0\u00bbon\u00a0\u00bb _builder_version=\u00a0\u00bb4.16&Prime; global_colors_info=\u00a0\u00bb{}\u00a0\u00bb][et_pb_column type=\u00a0\u00bb1_4&Prime; _builder_version=\u00a0\u00bb4.16&Prime; global_colors_info=\u00a0\u00bb{}\u00a0\u00bb][et_pb_text _builder_version=\u00a0\u00bb4.16&Prime; header_3_text_color=\u00a0\u00bb#ffffff\u00a0\u00bb custom_padding=\u00a0\u00bb0px|||||\u00a0\u00bb global_colors_info=\u00a0\u00bb{}\u00a0\u00bb]<\/p>\n<h3>IMEP Paris College of Music<\/h3>\n<h3>Alex Mercado<\/h3>\n<h3>Cynthia Abraham<\/h3>\n<h3>Nocuts<\/h3>\n<h3>Universidad de Quer\u00e9taro<\/h3>\n<p>[\/et_pb_text][\/et_pb_column][et_pb_column type=\u00a0\u00bb1_4&Prime; _builder_version=\u00a0\u00bb4.16&Prime; global_colors_info=\u00a0\u00bb{}\u00a0\u00bb][et_pb_text _builder_version=\u00a0\u00bb4.16&Prime; header_3_text_color=\u00a0\u00bb#ffffff\u00a0\u00bb global_colors_info=\u00a0\u00bb{}\u00a0\u00bb]<\/p>\n<h3>Manuel Rocheman<\/h3>\n<h3>Studio Bopcity<\/h3>\n<h3>Abysan Productions<\/h3>\n<h3>Laurent Larcher<\/h3>\n<p>[\/et_pb_text][\/et_pb_column][et_pb_column type=\u00a0\u00bb1_4&Prime; _builder_version=\u00a0\u00bb4.16&Prime; global_colors_info=\u00a0\u00bb{}\u00a0\u00bb][et_pb_text _builder_version=\u00a0\u00bb4.16&Prime; header_3_text_color=\u00a0\u00bb#ffffff\u00a0\u00bb global_colors_info=\u00a0\u00bb{}\u00a0\u00bb]<\/p>\n<h3>Andy Emler<\/h3>\n<h3>Sattva Jazz<\/h3>\n<h3>Alex Stuart<\/h3>\n<h3>Hugo Sachetti<\/h3>\n<p>[\/et_pb_text][\/et_pb_column][et_pb_column type=\u00a0\u00bb1_4&Prime; _builder_version=\u00a0\u00bb4.16&Prime; global_colors_info=\u00a0\u00bb{}\u00a0\u00bb][et_pb_text _builder_version=\u00a0\u00bb4.16&Prime; header_3_text_color=\u00a0\u00bb#ffffff\u00a0\u00bb global_colors_info=\u00a0\u00bb{}\u00a0\u00bb]<\/p>\n<h3>Christopher Culpo<\/h3>\n<h3>David MacGregor<\/h3>\n<h3>Adri\u00e1n Oropeza<\/h3>\n<h3>Universidad Panamericana<\/h3>\n<p>[\/et_pb_text][\/et_pb_column][\/et_pb_row][\/et_pb_section]<\/p>\n","protected":false},"excerpt":{"rendered":"<p>&nbsp; &nbsp; Des m\u00e9thodes s\u00fbres qui ont fait leurs preuves pour d&rsquo;autres artistes et professionnels comme vous. Ces m\u00e9thodes nous aident \u00e0 faire le tour de votre projet, et \u00e0 trouver les indicateurs qui nous permettront de commencer \u00e0 travailler dessus. Ainsi, non seulement nous saurons quoi \u00e9laborer mais pourquoi nous l&rsquo;\u00e9laborons. &nbsp;\u00a0Comment travaillons-nous ? [&hellip;]<\/p>\n","protected":false},"author":1,"featured_media":516,"parent":0,"menu_order":0,"comment_status":"closed","ping_status":"closed","template":"","meta":{"_et_pb_use_builder":"on","_et_pb_old_content":"","_et_gb_content_width":"","footnotes":""},"class_list":["post-28805","page","type-page","status-publish","has-post-thumbnail","hentry"],"_links":{"self":[{"href":"https:\/\/www.monartagency.com\/fr\/wp-json\/wp\/v2\/pages\/28805","targetHints":{"allow":["GET"]}}],"collection":[{"href":"https:\/\/www.monartagency.com\/fr\/wp-json\/wp\/v2\/pages"}],"about":[{"href":"https:\/\/www.monartagency.com\/fr\/wp-json\/wp\/v2\/types\/page"}],"author":[{"embeddable":true,"href":"https:\/\/www.monartagency.com\/fr\/wp-json\/wp\/v2\/users\/1"}],"replies":[{"embeddable":true,"href":"https:\/\/www.monartagency.com\/fr\/wp-json\/wp\/v2\/comments?post=28805"}],"version-history":[{"count":0,"href":"https:\/\/www.monartagency.com\/fr\/wp-json\/wp\/v2\/pages\/28805\/revisions"}],"wp:featuredmedia":[{"embeddable":true,"href":"https:\/\/www.monartagency.com\/fr\/wp-json\/wp\/v2\/media\/516"}],"wp:attachment":[{"href":"https:\/\/www.monartagency.com\/fr\/wp-json\/wp\/v2\/media?parent=28805"}],"curies":[{"name":"wp","href":"https:\/\/api.w.org\/{rel}","templated":true}]}}