{"id":19674710,"date":"2026-02-24T19:31:03","date_gmt":"2026-02-24T18:31:03","guid":{"rendered":"https:\/\/www.monartagency.com\/services-2\/"},"modified":"2026-02-27T16:23:34","modified_gmt":"2026-02-27T15:23:34","slug":"services","status":"publish","type":"page","link":"https:\/\/www.monartagency.com\/fr\/services\/","title":{"rendered":"Services"},"content":{"rendered":"<p>[et_pb_section fb_built=\u00a0\u00bb1&Prime; admin_label=\u00a0\u00bbHeader\u00a0\u00bb _builder_version=\u00a0\u00bb4.22.0&Prime; _module_preset=\u00a0\u00bbdefault\u00a0\u00bb custom_padding=\u00a0\u00bb||0px||false|false\u00a0\u00bb collapsed=\u00a0\u00bbon\u00a0\u00bb global_colors_info=\u00a0\u00bb{}\u00a0\u00bb theme_builder_area=\u00a0\u00bbpost_content\u00a0\u00bb][et_pb_row _builder_version=\u00a0\u00bb4.22.0&Prime; _module_preset=\u00a0\u00bbdefault\u00a0\u00bb global_colors_info=\u00a0\u00bb{}\u00a0\u00bb theme_builder_area=\u00a0\u00bbpost_content\u00a0\u00bb][et_pb_column type=\u00a0\u00bb4_4&Prime; _builder_version=\u00a0\u00bb4.22.0&Prime; _module_preset=\u00a0\u00bbdefault\u00a0\u00bb global_colors_info=\u00a0\u00bb{}\u00a0\u00bb theme_builder_area=\u00a0\u00bbpost_content\u00a0\u00bb][et_pb_text _builder_version=\u00a0\u00bb4.27.4&Prime; _module_preset=\u00a0\u00bb_initial\u00a0\u00bb header_2_font=\u00a0\u00bb|||on|||||\u00a0\u00bb header_2_font_size=\u00a0\u00bb22px\u00a0\u00bb header_4_font=\u00a0\u00bb&#8211;et_global_heading_font|700||on|||||\u00a0\u00bb header_4_font_size=\u00a0\u00bb24px\u00a0\u00bb text_orientation=\u00a0\u00bbcenter\u00a0\u00bb header_2_font_size_tablet=\u00a0\u00bb18px\u00a0\u00bb header_2_font_size_phone=\u00a0\u00bb18px\u00a0\u00bb header_2_font_size_last_edited=\u00a0\u00bboff|phone\u00a0\u00bb global_colors_info=\u00a0\u00bb{}\u00a0\u00bb theme_builder_area=\u00a0\u00bbpost_content\u00a0\u00bb]<\/p>\n<h4>Services<\/h4>\n<p>[\/et_pb_text][et_pb_text _builder_version=\u00a0\u00bb4.27.4&Prime; _module_preset=\u00a0\u00bb_initial\u00a0\u00bb text_font=\u00a0\u00bbMallory Compact Light|300|||||||\u00a0\u00bb text_font_size=\u00a0\u00bb22px\u00a0\u00bb header_font=\u00a0\u00bb&#8211;et_global_heading_font|700|||||||\u00a0\u00bb text_orientation=\u00a0\u00bbcenter\u00a0\u00bb text_font_size_last_edited=\u00a0\u00bboff|desktop\u00a0\u00bb header_font_size_tablet=\u00a0\u00bb\u00a0\u00bb header_font_size_phone=\u00a0\u00bb40px\u00a0\u00bb header_font_size_last_edited=\u00a0\u00bbon|tablet\u00a0\u00bb global_colors_info=\u00a0\u00bb{}\u00a0\u00bb theme_builder_area=\u00a0\u00bbpost_content\u00a0\u00bb]<\/p>\n<h1>Marketing musical<\/h1>\n<p><span style=\"color: #ec2785;\"><strong>Monart <\/strong><\/span><span style=\"font-weight: 400;\">propose une vari\u00e9t\u00e9 de services, allant de la construction de votre r\u00e9cit artistique \u00e0 l\u2019ex\u00e9cution de campagnes compl\u00e8tes de marketing digital. Bas\u00e9s \u00e0 Paris et travaillant \u00e0 l\u2019international en anglais, fran\u00e7ais et espagnol, nous aidons depuis plus de dix ans les artistes ind\u00e9pendants et les professionnels de la musique \u00e0 atteindre un succ\u00e8s durable. Nous avons h\u00e2te de travailler avec vous !  <\/span><b><i>Nous serions ravis de vous accompagner.<\/i><\/b><\/p>\n<p>[\/et_pb_text][\/et_pb_column][\/et_pb_row][\/et_pb_section][et_pb_section fb_built=\u00a0\u00bb1&Prime; admin_label=\u00a0\u00bbFeatures\u00a0\u00bb _builder_version=\u00a0\u00bb4.22.0&Prime; _module_preset=\u00a0\u00bbdefault\u00a0\u00bb collapsed=\u00a0\u00bbon\u00a0\u00bb global_colors_info=\u00a0\u00bb{}\u00a0\u00bb theme_builder_area=\u00a0\u00bbpost_content\u00a0\u00bb][et_pb_row column_structure=\u00a0\u00bb1_3,1_3,1_3&Prime; use_custom_gutter=\u00a0\u00bbon\u00a0\u00bb gutter_width=\u00a0\u00bb2&Prime; make_equal=\u00a0\u00bbon\u00a0\u00bb _builder_version=\u00a0\u00bb4.27.3&Prime; _module_preset=\u00a0\u00bbdefault\u00a0\u00bb locked=\u00a0\u00bboff\u00a0\u00bb global_colors_info=\u00a0\u00bb{}\u00a0\u00bb theme_builder_area=\u00a0\u00bbpost_content\u00a0\u00bb][et_pb_column type=\u00a0\u00bb1_3&Prime; _builder_version=\u00a0\u00bb4.22.0&Prime; _module_preset=\u00a0\u00bbdefault\u00a0\u00bb background_color=\u00a0\u00bbgcid-ee89fd9f-afc5-4939-817c-0a17ac90288c\u00a0\u00bb custom_padding=\u00a0\u00bb40px|40px|40px|40px|true|true\u00a0\u00bb custom_padding_tablet=\u00a0\u00bb30px|30px|30px|30px|true|true\u00a0\u00bb custom_padding_phone=\u00a0\u00bb20px|20px|20px|20px|true|true\u00a0\u00bb custom_padding_last_edited=\u00a0\u00bbon|phone\u00a0\u00bb border_radii=\u00a0\u00bbon|10px|10px|10px|10px\u00a0\u00bb global_colors_info=\u00a0\u00bb{%22gcid-ee89fd9f-afc5-4939-817c-0a17ac90288c%22:%91%22background_color%22%93}\u00a0\u00bb theme_builder_area=\u00a0\u00bbpost_content\u00a0\u00bb][et_pb_image src=\u00a0\u00bbhttps:\/\/www.monartagency.com\/wp-content\/uploads\/2025\/03\/1.png\u00a0\u00bb title_text=\u00a0\u00bb1&Prime; align=\u00a0\u00bbcenter\u00a0\u00bb _builder_version=\u00a0\u00bb4.27.3&Prime; _module_preset=\u00a0\u00bbdefault\u00a0\u00bb max_width=\u00a0\u00bb120px\u00a0\u00bb max_height=\u00a0\u00bb200px\u00a0\u00bb global_colors_info=\u00a0\u00bb{}\u00a0\u00bb theme_builder_area=\u00a0\u00bbpost_content\u00a0\u00bb][\/et_pb_image][et_pb_text _builder_version=\u00a0\u00bb4.27.4&Prime; _module_preset=\u00a0\u00bb_initial\u00a0\u00bb header_4_font=\u00a0\u00bb&#8211;et_global_heading_font|700|||||||\u00a0\u00bb text_orientation=\u00a0\u00bbcenter\u00a0\u00bb header_4_font_size_tablet=\u00a0\u00bb24px\u00a0\u00bb header_4_font_size_phone=\u00a0\u00bb24px\u00a0\u00bb header_4_font_size_last_edited=\u00a0\u00bboff|tablet\u00a0\u00bb global_colors_info=\u00a0\u00bb{}\u00a0\u00bb theme_builder_area=\u00a0\u00bbpost_content\u00a0\u00bb]<\/p>\n<h2>Promotion musicale<\/h2>\n<p>[\/et_pb_text][et_pb_button button_url=\u00a0\u00bbhttps:\/\/www.monartagency.com\/services\/music-marketing-campaigns\/&lt;br\/&gt;\u00a0\u00bb button_text=\u00a0\u00bbEn savoir plus\u00a0\u00bb button_alignment=\u00a0\u00bbcenter\u00a0\u00bb _builder_version=\u00a0\u00bb4.27.4&Prime; _module_preset=\u00a0\u00bb_initial\u00a0\u00bb global_colors_info=\u00a0\u00bb{}\u00a0\u00bb theme_builder_area=\u00a0\u00bbpost_content\u00a0\u00bb][\/et_pb_button][\/et_pb_column][et_pb_column type=\u00a0\u00bb1_3&Prime; _builder_version=\u00a0\u00bb4.22.0&Prime; _module_preset=\u00a0\u00bbdefault\u00a0\u00bb background_color=\u00a0\u00bbgcid-a13652f3-2793-4cb6-9d99-526eb1549d6a\u00a0\u00bb custom_padding=\u00a0\u00bb40px|40px|40px|40px|true|true\u00a0\u00bb custom_padding_tablet=\u00a0\u00bb30px|30px|30px|30px|true|true\u00a0\u00bb custom_padding_phone=\u00a0\u00bb20px|20px|20px|20px|true|true\u00a0\u00bb custom_padding_last_edited=\u00a0\u00bbon|phone\u00a0\u00bb border_radii=\u00a0\u00bbon|10px|10px|10px|10px\u00a0\u00bb global_colors_info=\u00a0\u00bb{%22gcid-a13652f3-2793-4cb6-9d99-526eb1549d6a%22:%91%22background_color%22%93}\u00a0\u00bb theme_builder_area=\u00a0\u00bbpost_content\u00a0\u00bb][et_pb_image src=\u00a0\u00bbhttps:\/\/www.monartagency.com\/wp-content\/uploads\/2025\/03\/2.png\u00a0\u00bb title_text=\u00a0\u00bb2&Prime; align=\u00a0\u00bbcenter\u00a0\u00bb _builder_version=\u00a0\u00bb4.27.3&Prime; _module_preset=\u00a0\u00bbdefault\u00a0\u00bb max_width=\u00a0\u00bb120px\u00a0\u00bb max_height=\u00a0\u00bb200px\u00a0\u00bb global_colors_info=\u00a0\u00bb{}\u00a0\u00bb theme_builder_area=\u00a0\u00bbpost_content\u00a0\u00bb][\/et_pb_image][et_pb_text _builder_version=\u00a0\u00bb4.27.4&Prime; _module_preset=\u00a0\u00bb_initial\u00a0\u00bb header_4_font=\u00a0\u00bb&#8211;et_global_heading_font|700|||||||\u00a0\u00bb text_orientation=\u00a0\u00bbcenter\u00a0\u00bb global_colors_info=\u00a0\u00bb{}\u00a0\u00bb theme_builder_area=\u00a0\u00bbpost_content\u00a0\u00bb]<\/p>\n<h2>Presse Musicale<\/h2>\n<p>[\/et_pb_text][et_pb_button button_url=\u00a0\u00bbhttps:\/\/www.monartagency.com\/fr\/services\/relations-presse\/\u00a0\u00bb button_text=\u00a0\u00bbEn savoir plus\u00a0\u00bb button_alignment=\u00a0\u00bbcenter\u00a0\u00bb _builder_version=\u00a0\u00bb4.27.4&Prime; _module_preset=\u00a0\u00bb_initial\u00a0\u00bb global_colors_info=\u00a0\u00bb{}\u00a0\u00bb theme_builder_area=\u00a0\u00bbpost_content\u00a0\u00bb][\/et_pb_button][\/et_pb_column][et_pb_column type=\u00a0\u00bb1_3&Prime; _builder_version=\u00a0\u00bb4.27.3&Prime; _module_preset=\u00a0\u00bbdefault\u00a0\u00bb background_color=\u00a0\u00bb#262626&Prime; custom_padding=\u00a0\u00bb40px|40px|40px|40px|true|true\u00a0\u00bb custom_padding_tablet=\u00a0\u00bb30px|30px|30px|30px|true|true\u00a0\u00bb custom_padding_phone=\u00a0\u00bb20px|20px|20px|20px|true|true\u00a0\u00bb custom_padding_last_edited=\u00a0\u00bbon|phone\u00a0\u00bb border_radii=\u00a0\u00bbon|10px|10px|10px|10px\u00a0\u00bb global_colors_info=\u00a0\u00bb{}\u00a0\u00bb theme_builder_area=\u00a0\u00bbpost_content\u00a0\u00bb][et_pb_image src=\u00a0\u00bbhttps:\/\/www.monartagency.com\/wp-content\/uploads\/2025\/03\/3.png\u00a0\u00bb title_text=\u00a0\u00bb3&Prime; align=\u00a0\u00bbcenter\u00a0\u00bb _builder_version=\u00a0\u00bb4.27.3&Prime; _module_preset=\u00a0\u00bbdefault\u00a0\u00bb max_width=\u00a0\u00bb120px\u00a0\u00bb max_height=\u00a0\u00bb200px\u00a0\u00bb global_colors_info=\u00a0\u00bb{}\u00a0\u00bb theme_builder_area=\u00a0\u00bbpost_content\u00a0\u00bb][\/et_pb_image][et_pb_text _builder_version=\u00a0\u00bb4.27.4&Prime; _module_preset=\u00a0\u00bb_initial\u00a0\u00bb header_2_text_color=\u00a0\u00bb#FFFFFF\u00a0\u00bb header_4_font=\u00a0\u00bb&#8211;et_global_heading_font|700|||||||\u00a0\u00bb header_4_text_color=\u00a0\u00bb#FFFFFF\u00a0\u00bb text_orientation=\u00a0\u00bbcenter\u00a0\u00bb global_colors_info=\u00a0\u00bb{}\u00a0\u00bb theme_builder_area=\u00a0\u00bbpost_content\u00a0\u00bb]<\/p>\n<h2>Attach\u00e9s de presse musique<\/h2>\n<p>[\/et_pb_text][et_pb_button button_url=\u00a0\u00bbhttps:\/\/www.monartagency.com\/fr\/services\/attaches-de-presse-musique\/\u00a0\u00bb button_text=\u00a0\u00bbEn savoir plus\u00a0\u00bb button_alignment=\u00a0\u00bbcenter\u00a0\u00bb _builder_version=\u00a0\u00bb4.27.4&Prime; _module_preset=\u00a0\u00bb_initial\u00a0\u00bb locked=\u00a0\u00bboff\u00a0\u00bb global_colors_info=\u00a0\u00bb{%22gcid-a13652f3-2793-4cb6-9d99-526eb1549d6a%22:%91%22button_border_color%22,%22box_shadow_color%22,%22button_text_color%22%93}\u00a0\u00bb theme_builder_area=\u00a0\u00bbpost_content\u00a0\u00bb][\/et_pb_button][\/et_pb_column][\/et_pb_row][et_pb_row column_structure=\u00a0\u00bb1_3,1_3,1_3&Prime; use_custom_gutter=\u00a0\u00bbon\u00a0\u00bb gutter_width=\u00a0\u00bb2&Prime; make_equal=\u00a0\u00bbon\u00a0\u00bb _builder_version=\u00a0\u00bb4.27.3&Prime; _module_preset=\u00a0\u00bbdefault\u00a0\u00bb locked=\u00a0\u00bboff\u00a0\u00bb global_colors_info=\u00a0\u00bb{}\u00a0\u00bb theme_builder_area=\u00a0\u00bbpost_content\u00a0\u00bb][et_pb_column type=\u00a0\u00bb1_3&Prime; _builder_version=\u00a0\u00bb4.27.3&Prime; _module_preset=\u00a0\u00bbdefault\u00a0\u00bb background_color=\u00a0\u00bbgcid-ee89fd9f-afc5-4939-817c-0a17ac90288c\u00a0\u00bb custom_padding=\u00a0\u00bb40px|40px|40px|40px|true|true\u00a0\u00bb custom_padding_tablet=\u00a0\u00bb30px|30px|30px|30px|true|true\u00a0\u00bb custom_padding_phone=\u00a0\u00bb20px|20px|20px|20px|true|true\u00a0\u00bb custom_padding_last_edited=\u00a0\u00bbon|phone\u00a0\u00bb border_radii=\u00a0\u00bbon|10px|10px|10px|10px\u00a0\u00bb global_colors_info=\u00a0\u00bb{%22gcid-ee89fd9f-afc5-4939-817c-0a17ac90288c%22:%91%22background_color%22%93}\u00a0\u00bb theme_builder_area=\u00a0\u00bbpost_content\u00a0\u00bb][et_pb_image src=\u00a0\u00bbhttps:\/\/www.monartagency.com\/wp-content\/uploads\/2025\/03\/4.png\u00a0\u00bb title_text=\u00a0\u00bb4&Prime; align=\u00a0\u00bbcenter\u00a0\u00bb _builder_version=\u00a0\u00bb4.27.3&Prime; _module_preset=\u00a0\u00bbdefault\u00a0\u00bb max_width=\u00a0\u00bb120px\u00a0\u00bb max_height=\u00a0\u00bb200px\u00a0\u00bb global_colors_info=\u00a0\u00bb{}\u00a0\u00bb theme_builder_area=\u00a0\u00bbpost_content\u00a0\u00bb][\/et_pb_image][et_pb_text _builder_version=\u00a0\u00bb4.27.4&Prime; _module_preset=\u00a0\u00bb_initial\u00a0\u00bb header_4_font=\u00a0\u00bb&#8211;et_global_heading_font|700|||||||\u00a0\u00bb text_orientation=\u00a0\u00bbcenter\u00a0\u00bb global_colors_info=\u00a0\u00bb{}\u00a0\u00bb theme_builder_area=\u00a0\u00bbpost_content\u00a0\u00bb]<\/p>\n<h2>Site web &amp; boutique en ligne<\/h2>\n<p>[\/et_pb_text][et_pb_button button_url=\u00a0\u00bbhttps:\/\/www.monartagency.com\/services\/music-websites\/&lt;br\/&gt;\u00a0\u00bb button_text=\u00a0\u00bbEn savoir plus\u00a0\u00bb button_alignment=\u00a0\u00bbcenter\u00a0\u00bb _builder_version=\u00a0\u00bb4.27.4&Prime; _module_preset=\u00a0\u00bb_initial\u00a0\u00bb global_colors_info=\u00a0\u00bb{}\u00a0\u00bb theme_builder_area=\u00a0\u00bbpost_content\u00a0\u00bb][\/et_pb_button][\/et_pb_column][et_pb_column type=\u00a0\u00bb1_3&Prime; _builder_version=\u00a0\u00bb4.22.0&Prime; _module_preset=\u00a0\u00bbdefault\u00a0\u00bb background_color=\u00a0\u00bbgcid-a13652f3-2793-4cb6-9d99-526eb1549d6a\u00a0\u00bb custom_padding=\u00a0\u00bb40px|40px|40px|40px|true|true\u00a0\u00bb custom_padding_tablet=\u00a0\u00bb30px|30px|30px|30px|true|true\u00a0\u00bb custom_padding_phone=\u00a0\u00bb20px|20px|20px|20px|true|true\u00a0\u00bb custom_padding_last_edited=\u00a0\u00bbon|phone\u00a0\u00bb border_radii=\u00a0\u00bbon|10px|10px|10px|10px\u00a0\u00bb global_colors_info=\u00a0\u00bb{%22gcid-a13652f3-2793-4cb6-9d99-526eb1549d6a%22:%91%22background_color%22%93}\u00a0\u00bb theme_builder_area=\u00a0\u00bbpost_content\u00a0\u00bb][et_pb_image src=\u00a0\u00bbhttps:\/\/www.monartagency.com\/wp-content\/uploads\/2025\/03\/5.png\u00a0\u00bb title_text=\u00a0\u00bb5&Prime; align=\u00a0\u00bbcenter\u00a0\u00bb _builder_version=\u00a0\u00bb4.27.3&Prime; _module_preset=\u00a0\u00bbdefault\u00a0\u00bb max_width=\u00a0\u00bb120px\u00a0\u00bb max_height=\u00a0\u00bb200px\u00a0\u00bb global_colors_info=\u00a0\u00bb{}\u00a0\u00bb theme_builder_area=\u00a0\u00bbpost_content\u00a0\u00bb][\/et_pb_image][et_pb_text _builder_version=\u00a0\u00bb4.27.4&Prime; _module_preset=\u00a0\u00bb_initial\u00a0\u00bb header_4_font=\u00a0\u00bb&#8211;et_global_heading_font|700|||||||\u00a0\u00bb text_orientation=\u00a0\u00bbcenter\u00a0\u00bb global_colors_info=\u00a0\u00bb{}\u00a0\u00bb theme_builder_area=\u00a0\u00bbpost_content\u00a0\u00bb]<\/p>\n<h2>Music Branding<\/h2>\n<p>[\/et_pb_text][et_pb_button button_url=\u00a0\u00bbhttps:\/\/www.monartagency.com\/fr\/services\/identite-visuelle\/\u00a0\u00bb button_text=\u00a0\u00bbEn savoir plus\u00a0\u00bb button_alignment=\u00a0\u00bbcenter\u00a0\u00bb _builder_version=\u00a0\u00bb4.27.4&Prime; _module_preset=\u00a0\u00bb_initial\u00a0\u00bb global_colors_info=\u00a0\u00bb{}\u00a0\u00bb theme_builder_area=\u00a0\u00bbpost_content\u00a0\u00bb][\/et_pb_button][\/et_pb_column][et_pb_column type=\u00a0\u00bb1_3&Prime; _builder_version=\u00a0\u00bb4.27.3&Prime; _module_preset=\u00a0\u00bbdefault\u00a0\u00bb background_color=\u00a0\u00bb#262626&Prime; custom_padding=\u00a0\u00bb40px|40px|40px|40px|true|true\u00a0\u00bb custom_padding_tablet=\u00a0\u00bb30px|30px|30px|30px|true|true\u00a0\u00bb custom_padding_phone=\u00a0\u00bb20px|20px|20px|20px|true|true\u00a0\u00bb custom_padding_last_edited=\u00a0\u00bbon|phone\u00a0\u00bb border_radii=\u00a0\u00bbon|10px|10px|10px|10px\u00a0\u00bb global_colors_info=\u00a0\u00bb{}\u00a0\u00bb theme_builder_area=\u00a0\u00bbpost_content\u00a0\u00bb][et_pb_image src=\u00a0\u00bbhttps:\/\/www.monartagency.com\/wp-content\/uploads\/2025\/03\/6.png\u00a0\u00bb title_text=\u00a0\u00bb6&Prime; align=\u00a0\u00bbcenter\u00a0\u00bb _builder_version=\u00a0\u00bb4.27.3&Prime; _module_preset=\u00a0\u00bbdefault\u00a0\u00bb max_width=\u00a0\u00bb120px\u00a0\u00bb max_height=\u00a0\u00bb200px\u00a0\u00bb global_colors_info=\u00a0\u00bb{}\u00a0\u00bb theme_builder_area=\u00a0\u00bbpost_content\u00a0\u00bb][\/et_pb_image][et_pb_text _builder_version=\u00a0\u00bb4.27.4&Prime; _module_preset=\u00a0\u00bb_initial\u00a0\u00bb header_2_text_color=\u00a0\u00bb#FFFFFF\u00a0\u00bb header_4_font=\u00a0\u00bb&#8211;et_global_heading_font|700|||||||\u00a0\u00bb header_4_text_color=\u00a0\u00bb#FFFFFF\u00a0\u00bb text_orientation=\u00a0\u00bbcenter\u00a0\u00bb global_colors_info=\u00a0\u00bb{}\u00a0\u00bb theme_builder_area=\u00a0\u00bbpost_content\u00a0\u00bb]<\/p>\n<h2>Music Marketing Consulting<\/h2>\n<p>[\/et_pb_text][et_pb_button button_url=\u00a0\u00bbhttps:\/\/www.monartagency.com\/fr\/services\/music-marketing-consulting\/\u00a0\u00bb button_text=\u00a0\u00bbEn savoir plus\u00a0\u00bb button_alignment=\u00a0\u00bbcenter\u00a0\u00bb _builder_version=\u00a0\u00bb4.27.4&Prime; _module_preset=\u00a0\u00bb_initial\u00a0\u00bb locked=\u00a0\u00bboff\u00a0\u00bb global_colors_info=\u00a0\u00bb{%22gcid-a13652f3-2793-4cb6-9d99-526eb1549d6a%22:%91%22button_border_color%22,%22box_shadow_color%22,%22button_text_color%22%93}\u00a0\u00bb theme_builder_area=\u00a0\u00bbpost_content\u00a0\u00bb][\/et_pb_button][\/et_pb_column][\/et_pb_row][\/et_pb_section][et_pb_section fb_built=\u00a0\u00bb1&Prime; admin_label=\u00a0\u00bbFAQ\u00a0\u00bb _builder_version=\u00a0\u00bb4.22.0&Prime; _module_preset=\u00a0\u00bbdefault\u00a0\u00bb locked=\u00a0\u00bboff\u00a0\u00bb collapsed=\u00a0\u00bbon\u00a0\u00bb global_colors_info=\u00a0\u00bb{}\u00a0\u00bb theme_builder_area=\u00a0\u00bbpost_content\u00a0\u00bb][et_pb_row _builder_version=\u00a0\u00bb4.22.0&Prime; _module_preset=\u00a0\u00bbdefault\u00a0\u00bb global_colors_info=\u00a0\u00bb{}\u00a0\u00bb theme_builder_area=\u00a0\u00bbpost_content\u00a0\u00bb][et_pb_column type=\u00a0\u00bb4_4&Prime; _builder_version=\u00a0\u00bb4.22.0&Prime; _module_preset=\u00a0\u00bbdefault\u00a0\u00bb global_colors_info=\u00a0\u00bb{}\u00a0\u00bb theme_builder_area=\u00a0\u00bbpost_content\u00a0\u00bb][et_pb_text _builder_version=\u00a0\u00bb4.27.4&Prime; _module_preset=\u00a0\u00bb_initial\u00a0\u00bb text_font=\u00a0\u00bbMallory Compact Light||||||||\u00a0\u00bb text_font_size=\u00a0\u00bb20px\u00a0\u00bb header_2_text_align=\u00a0\u00bbcenter\u00a0\u00bb header_2_font_size=\u00a0\u00bb35px\u00a0\u00bb header_3_font_size=\u00a0\u00bb25px\u00a0\u00bb global_colors_info=\u00a0\u00bb{}\u00a0\u00bb theme_builder_area=\u00a0\u00bbpost_content\u00a0\u00bb]<\/p>\n<h2>La m\u00e9thode cyclique en 5 \u00e9tapes<\/h2>\n<p>&nbsp;<\/p>\n<p>Notre approche est con\u00e7ue pour \u00eatre \u00e0 la fois syst\u00e9matique et adaptable, afin que chaque projet b\u00e9n\u00e9ficie de processus structur\u00e9s tout en restant flexible face aux besoins uniques de chaque artiste.<\/p>\n<h3><\/h3>\n<h3>01. Audit &amp; analyse<\/h3>\n<p>Nous commen\u00e7ons par comprendre en profondeur votre position actuelle, votre identit\u00e9 artistique et votre environnement de march\u00e9 :<\/p>\n<ul>\n<li><strong>\u00c9valuation compl\u00e8te de votre pr\u00e9sence digitale \u2013 <\/strong>analyse de votre site web, de vos r\u00e9seaux sociaux, de vos profils de streaming et de votre empreinte en ligne globale<\/li>\n<li><strong>Analyse d\u2019audience \u2013 <\/strong>identification de vos auditeurs actuels, de leurs donn\u00e9es d\u00e9mographiques, comportements et modes d\u2019engagement<\/li>\n<li><strong>Analyse de l\u2019environnement concurrentiel \u2013<\/strong> \u00e9tude d\u2019artistes similaires afin d\u2019identifier des opportunit\u00e9s et des axes de diff\u00e9renciation<\/li>\n<li><strong>Revue des indicateurs de performance \u2013 <\/strong>\u00e9valuation des chiffres de streaming, de l\u2019engagement social et des donn\u00e9es de conversion existantes<\/li>\n<li><strong>Audit de contenu et de marque \u2013<\/strong> analyse de votre identit\u00e9 visuelle, de la coh\u00e9rence de votre message et de l\u2019efficacit\u00e9 de vos contenus<\/li>\n<\/ul>\n<p>Cette \u00e9tape fondatrice fournit les insights n\u00e9cessaires pour d\u00e9velopper une strat\u00e9gie qui r\u00e9pond \u00e0 vos d\u00e9fis sp\u00e9cifiques et valorise vos forces uniques.<\/p>\n<p>&nbsp;<\/p>\n<h3>02. D\u00e9veloppement de la strat\u00e9gie<\/h3>\n<p>&nbsp;<\/p>\n<p>\u00c0 partir de notre analyse, nous construisons une feuille de route personnalis\u00e9e pour atteindre vos objectifs :<\/p>\n<ul>\n<li><strong>Identification des audiences cibles \u2013 <\/strong>d\u00e9finition des segments d\u2019auditeurs prioritaires (primaires et secondaires)<\/li>\n<li><strong>Strat\u00e9gie de canaux \u2013 <\/strong>s\u00e9lection des plateformes et points de contact les plus pertinents pour votre audience<\/li>\n<li>Cadre de message \u2013 d\u00e9veloppement de votre histoire centrale et de la mani\u00e8re dont elle doit \u00eatre communiqu\u00e9e<\/li>\n<li><strong>Architecture de campagne \u2013<\/strong> structuration des actions promotionnelles pour un impact maximal<\/li>\n<li><strong>D\u00e9finition des objectifs \u2013 <\/strong>fixation d\u2019objectifs clairs, mesurables, et d\u2019indicateurs cl\u00e9s de performance (KPI)<\/li>\n<li><strong> Allocation du budget \u2013 <\/strong>recommandations de r\u00e9partition des ressources pour optimiser le retour<\/li>\n<\/ul>\n<p>Votre strat\u00e9gie devient le document de r\u00e9f\u00e9rence pour toutes les actions marketing, afin que chaque effort contribue \u00e0 vos objectifs globaux.<\/p>\n<p>&nbsp;<\/p>\n<h3>03. Production &amp; planification<\/h3>\n<p>&nbsp;<\/p>\n<p>Une fois la strat\u00e9gie d\u00e9finie, nous pr\u00e9parons tous les \u00e9l\u00e9ments n\u00e9cessaires et les plans d\u2019ex\u00e9cution d\u00e9taill\u00e9s :<\/p>\n<ul>\n<li><strong>Cr\u00e9ation de contenu \u2013<\/strong> d\u00e9veloppement de visuels, textes, vid\u00e9os et autres \u00e9l\u00e9ments cr\u00e9atifs<\/li>\n<li><strong>Calendrier de campagne \u2013 <\/strong>construction d\u2019une timeline d\u00e9taill\u00e9e des activit\u00e9s et livrables<\/li>\n<li><strong> Organisation des assets \u2013<\/strong> pr\u00e9paration et structuration des mat\u00e9riaux pour une mise en \u0153uvre efficace<\/li>\n<li><strong>Configuration des plateformes \u2013<\/strong> mise en place des \u00e9l\u00e9ments techniques (comptes publicitaires, outils analytics, etc.)<\/li>\n<li><strong>Alignement de l\u2019\u00e9quipe \u2013<\/strong> clarification des r\u00f4les et responsabilit\u00e9s de chaque partie prenante<\/li>\n<li><strong>Planification de contingence \u2013<\/strong> pr\u00e9paration d\u2019approches alternatives selon diff\u00e9rents sc\u00e9narios<\/li>\n<\/ul>\n<p>Cette phase de pr\u00e9paration m\u00e9thodique garantit une ex\u00e9cution fluide et limite les impr\u00e9vus.<\/p>\n<p>&nbsp;<\/p>\n<h3>04. Ex\u00e9cution &amp; mise en \u0153uvre<\/h3>\n<p>&nbsp;<\/p>\n<p>Nous donnons vie \u00e0 votre strat\u00e9gie gr\u00e2ce \u00e0 une mise en \u0153uvre coordonn\u00e9e et professionnelle :<\/p>\n<ul>\n<li><strong>Lancement des campagnes \u2013 <\/strong>d\u00e9ploiement des actions promotionnelles sur les canaux s\u00e9lectionn\u00e9s<\/li>\n<li><strong>Publication de contenu \u2013 <\/strong>diffusion des contenus selon le calendrier \u00e9tabli<\/li>\n<li>Gestion de communaut\u00e9 \u2013 engagement avec les audiences et animation des interactions<\/li>\n<li><strong>Relations m\u00e9dias \u2013 <\/strong>prise de contact avec journalistes, curateurs de playlists et influenceurs<\/li>\n<li><strong>Gestion publicitaire \u2013 <\/strong>pilotage et suivi des campagnes payantes<\/li>\n<li><strong>Ajustements en temps r\u00e9el \u2013 <\/strong>optimisations tactiques bas\u00e9es sur les premi\u00e8res donn\u00e9es de performance<\/li>\n<\/ul>\n<p>Tout au long de l\u2019ex\u00e9cution, nous maintenons une communication r\u00e9guli\u00e8re pour vous tenir inform\u00e9 des avanc\u00e9es et des opportunit\u00e9s \u00e9mergentes.<\/p>\n<p>&nbsp;<\/p>\n<h3>05. Analyse &amp; optimisation<\/h3>\n<p>&nbsp;<\/p>\n<p>Nous mesurons en continu les r\u00e9sultats et affinons notre approche :<\/p>\n<ul>\n<li><strong>Suivi des performances \u2013 <\/strong>monitoring des KPI par rapport aux objectifs fix\u00e9s<\/li>\n<li><strong>Production d\u2019insights \u2013 <\/strong>identification des tendances, r\u00e9ussites et axes d\u2019am\u00e9lioration<\/li>\n<li><strong>Ajustement de la strat\u00e9gie \u2013 <\/strong>adaptation des approches selon les performances r\u00e9elles<\/li>\n<li><strong>Identification d\u2019opportunit\u00e9s \u2013 <\/strong>rep\u00e9rage de nouveaux canaux ou tactiques \u00e0 explorer<\/li>\n<li><strong>Analyse du ROI \u2013<\/strong> \u00e9valuation du retour sur investissement de l\u2019ensemble des actions<\/li>\n<li><strong>Planification future \u2013 <\/strong>recommandations pour les prochaines \u00e9tape<\/li>\n<\/ul>\n<p>Cette derni\u00e8re \u00e9tape alimente ensuite le d\u00e9but du cycle : nous utilisons ces enseignements pour lancer une nouvelle phase d\u2019audit et d\u2019analyse, cr\u00e9ant une boucle d\u2019am\u00e9lioration continue qui stimule une croissance durable.<\/p>\n<p>[\/et_pb_text][\/et_pb_column][\/et_pb_row][\/et_pb_section]<\/p>\n","protected":false},"excerpt":{"rendered":"<p>ServicesMarketing musical Monart propose une vari\u00e9t\u00e9 de services, allant de la construction de votre r\u00e9cit artistique \u00e0 l\u2019ex\u00e9cution de campagnes compl\u00e8tes de marketing digital. Bas\u00e9s \u00e0 Paris et travaillant \u00e0 l\u2019international en anglais, fran\u00e7ais et espagnol, nous aidons depuis plus de dix ans les artistes ind\u00e9pendants et les professionnels de la musique \u00e0 atteindre un [&hellip;]<\/p>\n","protected":false},"author":1,"featured_media":30377,"parent":0,"menu_order":0,"comment_status":"closed","ping_status":"closed","template":"","meta":{"_et_pb_use_builder":"on","_et_pb_old_content":"","_et_gb_content_width":"","footnotes":""},"class_list":["post-19674710","page","type-page","status-publish","has-post-thumbnail","hentry"],"_links":{"self":[{"href":"https:\/\/www.monartagency.com\/fr\/wp-json\/wp\/v2\/pages\/19674710","targetHints":{"allow":["GET"]}}],"collection":[{"href":"https:\/\/www.monartagency.com\/fr\/wp-json\/wp\/v2\/pages"}],"about":[{"href":"https:\/\/www.monartagency.com\/fr\/wp-json\/wp\/v2\/types\/page"}],"author":[{"embeddable":true,"href":"https:\/\/www.monartagency.com\/fr\/wp-json\/wp\/v2\/users\/1"}],"replies":[{"embeddable":true,"href":"https:\/\/www.monartagency.com\/fr\/wp-json\/wp\/v2\/comments?post=19674710"}],"version-history":[{"count":0,"href":"https:\/\/www.monartagency.com\/fr\/wp-json\/wp\/v2\/pages\/19674710\/revisions"}],"wp:featuredmedia":[{"embeddable":true,"href":"https:\/\/www.monartagency.com\/fr\/wp-json\/wp\/v2\/media\/30377"}],"wp:attachment":[{"href":"https:\/\/www.monartagency.com\/fr\/wp-json\/wp\/v2\/media?parent=19674710"}],"curies":[{"name":"wp","href":"https:\/\/api.w.org\/{rel}","templated":true}]}}